{"id":1390,"date":"2024-03-25T22:05:53","date_gmt":"2024-03-25T21:05:53","guid":{"rendered":"https:\/\/lp-krby.sk\/?page_id=1390"},"modified":"2024-03-25T23:19:49","modified_gmt":"2024-03-25T22:19:49","slug":"o-nas","status":"publish","type":"page","link":"https:\/\/lp-krby.sk\/index.php\/o-nas\/","title":{"rendered":"O n\u00e1s"},"content":{"rendered":"\t\t<div data-elementor-type=\"wp-page\" data-elementor-id=\"1390\" class=\"elementor elementor-1390\">\n\t\t\t\t<div class=\"elementor-element elementor-element-7b1c29d e-flex e-con-boxed e-con e-parent\" data-id=\"7b1c29d\" data-element_type=\"container\" data-core-v316-plus=\"true\">\n\t\t\t\t\t<div class=\"e-con-inner\">\n\t\t\t\t<div class=\"elementor-element elementor-element-8e6bd70 elementor-widget elementor-widget-spacer\" data-id=\"8e6bd70\" data-element_type=\"widget\" data-widget_type=\"spacer.default\">\n\t\t\t\t<div class=\"elementor-widget-container\">\n\t\t\t<style>\/*! elementor - v3.20.0 - 26-03-2024 *\/\n.elementor-column .elementor-spacer-inner{height:var(--spacer-size)}.e-con{--container-widget-width:100%}.e-con-inner>.elementor-widget-spacer,.e-con>.elementor-widget-spacer{width:var(--container-widget-width,var(--spacer-size));--align-self:var(--container-widget-align-self,initial);--flex-shrink:0}.e-con-inner>.elementor-widget-spacer>.elementor-widget-container,.e-con>.elementor-widget-spacer>.elementor-widget-container{height:100%;width:100%}.e-con-inner>.elementor-widget-spacer>.elementor-widget-container>.elementor-spacer,.e-con>.elementor-widget-spacer>.elementor-widget-container>.elementor-spacer{height:100%}.e-con-inner>.elementor-widget-spacer>.elementor-widget-container>.elementor-spacer>.elementor-spacer-inner,.e-con>.elementor-widget-spacer>.elementor-widget-container>.elementor-spacer>.elementor-spacer-inner{height:var(--container-widget-height,var(--spacer-size))}.e-con-inner>.elementor-widget-spacer.elementor-widget-empty,.e-con>.elementor-widget-spacer.elementor-widget-empty{position:relative;min-height:22px;min-width:22px}.e-con-inner>.elementor-widget-spacer.elementor-widget-empty .elementor-widget-empty-icon,.e-con>.elementor-widget-spacer.elementor-widget-empty .elementor-widget-empty-icon{position:absolute;top:0;bottom:0;left:0;right:0;margin:auto;padding:0;width:22px;height:22px}<\/style>\t\t<div class=\"elementor-spacer\">\n\t\t\t<div class=\"elementor-spacer-inner\"><\/div>\n\t\t<\/div>\n\t\t\t\t<\/div>\n\t\t\t\t<\/div>\n\t\t\t\t<div class=\"elementor-element elementor-element-8c3325d elementor-widget elementor-widget-heading\" data-id=\"8c3325d\" data-element_type=\"widget\" data-widget_type=\"heading.default\">\n\t\t\t\t<div class=\"elementor-widget-container\">\n\t\t\t<style>\/*! elementor - v3.20.0 - 26-03-2024 *\/\n.elementor-heading-title{padding:0;margin:0;line-height:1}.elementor-widget-heading .elementor-heading-title[class*=elementor-size-]>a{color:inherit;font-size:inherit;line-height:inherit}.elementor-widget-heading .elementor-heading-title.elementor-size-small{font-size:15px}.elementor-widget-heading .elementor-heading-title.elementor-size-medium{font-size:19px}.elementor-widget-heading .elementor-heading-title.elementor-size-large{font-size:29px}.elementor-widget-heading .elementor-heading-title.elementor-size-xl{font-size:39px}.elementor-widget-heading .elementor-heading-title.elementor-size-xxl{font-size:59px}<\/style><h1 class=\"elementor-heading-title elementor-size-default\">Spolo\u010dnos\u0165 L&P KRBY s.r.o.<\/h1>\t\t<\/div>\n\t\t\t\t<\/div>\n\t\t\t\t<div class=\"elementor-element elementor-element-63bcadc elementor-widget elementor-widget-text-editor\" data-id=\"63bcadc\" data-element_type=\"widget\" data-widget_type=\"text-editor.default\">\n\t\t\t\t<div class=\"elementor-widget-container\">\n\t\t\t<style>\/*! elementor - v3.20.0 - 26-03-2024 *\/\n.elementor-widget-text-editor.elementor-drop-cap-view-stacked .elementor-drop-cap{background-color:#69727d;color:#fff}.elementor-widget-text-editor.elementor-drop-cap-view-framed .elementor-drop-cap{color:#69727d;border:3px solid;background-color:transparent}.elementor-widget-text-editor:not(.elementor-drop-cap-view-default) .elementor-drop-cap{margin-top:8px}.elementor-widget-text-editor:not(.elementor-drop-cap-view-default) .elementor-drop-cap-letter{width:1em;height:1em}.elementor-widget-text-editor .elementor-drop-cap{float:left;text-align:center;line-height:1;font-size:50px}.elementor-widget-text-editor .elementor-drop-cap-letter{display:inline-block}<\/style>\t\t\t\t<p>p\u00f4sob\u00ed na Slovensku od roku 2005. Od svojho vzniku sa zaober\u00e1me stavbou akumula\u010dn\u00fdch, teplovzdu\u0161n\u00fdch a teplovodn\u00fdch krbov, \u010falej stavbou kachlov\u00fdch pec\u00ed, spor\u00e1kov a v neposlednom rade kom\u00ednov\u00fdch syst\u00e9mov. V na\u0161ej ponuke tie\u017e n\u00e1jdete diela uzatvoren\u00fdch plynov\u00fdch krbov so skuto\u010dn\u00fdmi iskrami. Spolupracujeme s renomovan\u00fdmi v\u00fdrobcami krbov\u00fdch vlo\u017eiek a kom\u00ednov na eur\u00f3pskom trhu.\u00a0<\/p><p>Klientom poskytujeme kompletn\u00e9 poradenstvo, obhliadky stavieb, vypracovanie 3D vizualiz\u00e1cii diel a\u017e po ich realiz\u00e1ciu vr\u00e1tane z\u00e1ru\u010dn\u00e9ho a poz\u00e1ru\u010dn\u00e9ho servisu.<\/p>\t\t\t\t\t\t<\/div>\n\t\t\t\t<\/div>\n\t\t\t\t<div class=\"elementor-element elementor-element-91124a9 elementor-widget elementor-widget-image\" data-id=\"91124a9\" data-element_type=\"widget\" data-widget_type=\"image.default\">\n\t\t\t\t<div class=\"elementor-widget-container\">\n\t\t\t<style>\/*! elementor - v3.20.0 - 26-03-2024 *\/\n.elementor-widget-image{text-align:center}.elementor-widget-image a{display:inline-block}.elementor-widget-image a img[src$=\".svg\"]{width:48px}.elementor-widget-image img{vertical-align:middle;display:inline-block}<\/style>\t\t\t\t\t\t\t\t\t\t<img fetchpriority=\"high\" decoding=\"async\" width=\"1200\" height=\"750\" src=\"https:\/\/lp-krby.sk\/wp-content\/uploads\/2024\/03\/tim_lp_krby.jpg\" class=\"attachment-full size-full wp-image-1224\" alt=\"\" srcset=\"https:\/\/lp-krby.sk\/wp-content\/uploads\/2024\/03\/tim_lp_krby.jpg 1200w, https:\/\/lp-krby.sk\/wp-content\/uploads\/2024\/03\/tim_lp_krby-300x188.jpg 300w, https:\/\/lp-krby.sk\/wp-content\/uploads\/2024\/03\/tim_lp_krby-1024x640.jpg 1024w, https:\/\/lp-krby.sk\/wp-content\/uploads\/2024\/03\/tim_lp_krby-768x480.jpg 768w\" sizes=\"(max-width: 1200px) 100vw, 1200px\" \/>\t\t\t\t\t\t\t\t\t\t\t\t\t<\/div>\n\t\t\t\t<\/div>\n\t\t\t\t\t<\/div>\n\t\t\t\t<\/div>\n\t\t<div class=\"elementor-element elementor-element-f90a3c2 e-flex e-con-boxed e-con e-parent\" data-id=\"f90a3c2\" data-element_type=\"container\" data-core-v316-plus=\"true\">\n\t\t\t\t\t<div class=\"e-con-inner\">\n\t\t<div class=\"elementor-element elementor-element-d1cbba2 e-con-full e-flex e-con e-child\" data-id=\"d1cbba2\" data-element_type=\"container\">\n\t\t\t\t<div class=\"elementor-element elementor-element-4b79631 elementor-widget elementor-widget-image\" data-id=\"4b79631\" data-element_type=\"widget\" data-widget_type=\"image.default\">\n\t\t\t\t<div class=\"elementor-widget-container\">\n\t\t\t\t\t\t\t\t\t\t\t\t\t<img decoding=\"async\" width=\"492\" height=\"700\" src=\"https:\/\/lp-krby.sk\/wp-content\/uploads\/2024\/03\/vyucny.jpg\" class=\"attachment-large size-large wp-image-1299\" alt=\"\" srcset=\"https:\/\/lp-krby.sk\/wp-content\/uploads\/2024\/03\/vyucny.jpg 492w, https:\/\/lp-krby.sk\/wp-content\/uploads\/2024\/03\/vyucny-211x300.jpg 211w\" sizes=\"(max-width: 492px) 100vw, 492px\" \/>\t\t\t\t\t\t\t\t\t\t\t\t\t<\/div>\n\t\t\t\t<\/div>\n\t\t\t\t<\/div>\n\t\t<div class=\"elementor-element elementor-element-2d20460 e-con-full e-flex e-con e-child\" data-id=\"2d20460\" data-element_type=\"container\">\n\t\t\t\t<div class=\"elementor-element elementor-element-a40af5c elementor-widget elementor-widget-image\" data-id=\"a40af5c\" data-element_type=\"widget\" data-widget_type=\"image.default\">\n\t\t\t\t<div class=\"elementor-widget-container\">\n\t\t\t\t\t\t\t\t\t\t\t\t\t<img decoding=\"async\" width=\"495\" height=\"700\" src=\"https:\/\/lp-krby.sk\/wp-content\/uploads\/2024\/03\/cert_spartherm.jpg\" class=\"attachment-large size-large wp-image-1158\" alt=\"\" srcset=\"https:\/\/lp-krby.sk\/wp-content\/uploads\/2024\/03\/cert_spartherm.jpg 495w, https:\/\/lp-krby.sk\/wp-content\/uploads\/2024\/03\/cert_spartherm-212x300.jpg 212w\" sizes=\"(max-width: 495px) 100vw, 495px\" \/>\t\t\t\t\t\t\t\t\t\t\t\t\t<\/div>\n\t\t\t\t<\/div>\n\t\t\t\t<\/div>\n\t\t<div class=\"elementor-element elementor-element-75a2e91 e-con-full e-flex e-con e-child\" data-id=\"75a2e91\" data-element_type=\"container\">\n\t\t\t\t<div class=\"elementor-element elementor-element-5e1fcfc elementor-widget elementor-widget-image\" data-id=\"5e1fcfc\" data-element_type=\"widget\" data-widget_type=\"image.default\">\n\t\t\t\t<div class=\"elementor-widget-container\">\n\t\t\t\t\t\t\t\t\t\t\t\t\t<img loading=\"lazy\" decoding=\"async\" width=\"492\" height=\"700\" src=\"https:\/\/lp-krby.sk\/wp-content\/uploads\/2024\/03\/cert_cech.jpg\" class=\"attachment-large size-large wp-image-1156\" alt=\"\" srcset=\"https:\/\/lp-krby.sk\/wp-content\/uploads\/2024\/03\/cert_cech.jpg 492w, https:\/\/lp-krby.sk\/wp-content\/uploads\/2024\/03\/cert_cech-211x300.jpg 211w\" sizes=\"(max-width: 492px) 100vw, 492px\" \/>\t\t\t\t\t\t\t\t\t\t\t\t\t<\/div>\n\t\t\t\t<\/div>\n\t\t\t\t<\/div>\n\t\t<div class=\"elementor-element elementor-element-495e302 e-con-full e-flex e-con e-child\" data-id=\"495e302\" data-element_type=\"container\">\n\t\t\t\t<div class=\"elementor-element elementor-element-b646bba elementor-widget elementor-widget-image\" data-id=\"b646bba\" data-element_type=\"widget\" data-widget_type=\"image.default\">\n\t\t\t\t<div class=\"elementor-widget-container\">\n\t\t\t\t\t\t\t\t\t\t\t\t\t<img loading=\"lazy\" decoding=\"async\" width=\"490\" height=\"700\" src=\"https:\/\/lp-krby.sk\/wp-content\/uploads\/2024\/03\/cert_hoxter.jpg\" class=\"attachment-large size-large wp-image-1157\" alt=\"\" srcset=\"https:\/\/lp-krby.sk\/wp-content\/uploads\/2024\/03\/cert_hoxter.jpg 490w, https:\/\/lp-krby.sk\/wp-content\/uploads\/2024\/03\/cert_hoxter-210x300.jpg 210w\" sizes=\"(max-width: 490px) 100vw, 490px\" \/>\t\t\t\t\t\t\t\t\t\t\t\t\t<\/div>\n\t\t\t\t<\/div>\n\t\t\t\t<\/div>\n\t\t\t\t\t<\/div>\n\t\t\t\t<\/div>\n\t\t<div class=\"elementor-element elementor-element-5623d3d e-con-full e-flex e-con e-parent\" data-id=\"5623d3d\" data-element_type=\"container\" data-core-v316-plus=\"true\">\n\t\t\t\t<div class=\"elementor-element elementor-element-15d6ffc elementor-widget elementor-widget-spacer\" data-id=\"15d6ffc\" data-element_type=\"widget\" data-widget_type=\"spacer.default\">\n\t\t\t\t<div class=\"elementor-widget-container\">\n\t\t\t\t\t<div class=\"elementor-spacer\">\n\t\t\t<div class=\"elementor-spacer-inner\"><\/div>\n\t\t<\/div>\n\t\t\t\t<\/div>\n\t\t\t\t<\/div>\n\t\t\t\t<div class=\"elementor-element elementor-element-c12c1d0 elementor-widget elementor-widget-heading\" data-id=\"c12c1d0\" data-element_type=\"widget\" data-widget_type=\"heading.default\">\n\t\t\t\t<div class=\"elementor-widget-container\">\n\t\t\t<h2 class=\"elementor-heading-title elementor-size-default\">OVEREN\u00cd PARTNERI<\/h2>\t\t<\/div>\n\t\t\t\t<\/div>\n\t\t\t\t<div class=\"elementor-element elementor-element-b5eb871 elementor-widget elementor-widget-text-editor\" data-id=\"b5eb871\" data-element_type=\"widget\" data-widget_type=\"text-editor.default\">\n\t\t\t\t<div class=\"elementor-widget-container\">\n\t\t\t\t\t\t\t<p>Vlo\u017eky, kom\u00edny a pr\u00edslu\u0161enstvo od kvalitn\u00fdch a overen\u00fdch zna\u010diek.<\/p>\t\t\t\t\t\t<\/div>\n\t\t\t\t<\/div>\n\t\t\t\t<\/div>\n\t\t<div class=\"elementor-element elementor-element-9eb5186 e-flex e-con-boxed e-con e-parent\" data-id=\"9eb5186\" data-element_type=\"container\" data-core-v316-plus=\"true\">\n\t\t\t\t\t<div class=\"e-con-inner\">\n\t\t<div class=\"elementor-element elementor-element-5bf2365 e-con-full e-flex e-con e-child\" data-id=\"5bf2365\" data-element_type=\"container\">\n\t\t\t\t<div class=\"elementor-element elementor-element-881501a elementor-widget elementor-widget-image\" data-id=\"881501a\" data-element_type=\"widget\" data-widget_type=\"image.default\">\n\t\t\t\t<div class=\"elementor-widget-container\">\n\t\t\t\t\t\t\t\t\t\t\t\t\t\t<a href=\"https:\/\/www.hoxter.sk\/\">\n\t\t\t\t\t\t\t<img loading=\"lazy\" decoding=\"async\" width=\"550\" height=\"288\" src=\"https:\/\/lp-krby.sk\/wp-content\/uploads\/2024\/03\/hoxter.jpg\" class=\"elementor-animation-grow attachment-large size-large wp-image-1164\" alt=\"\" srcset=\"https:\/\/lp-krby.sk\/wp-content\/uploads\/2024\/03\/hoxter.jpg 550w, https:\/\/lp-krby.sk\/wp-content\/uploads\/2024\/03\/hoxter-300x157.jpg 300w\" sizes=\"(max-width: 550px) 100vw, 550px\" \/>\t\t\t\t\t\t\t\t<\/a>\n\t\t\t\t\t\t\t\t\t\t\t\t\t<\/div>\n\t\t\t\t<\/div>\n\t\t\t\t<\/div>\n\t\t<div class=\"elementor-element elementor-element-a7ece8c e-con-full e-flex e-con e-child\" data-id=\"a7ece8c\" data-element_type=\"container\">\n\t\t\t\t<div class=\"elementor-element elementor-element-f98043f elementor-widget elementor-widget-image\" data-id=\"f98043f\" data-element_type=\"widget\" data-widget_type=\"image.default\">\n\t\t\t\t<div class=\"elementor-widget-container\">\n\t\t\t\t\t\t\t\t\t\t\t\t\t\t<a href=\"https:\/\/www.spartherm.com\/en\/\">\n\t\t\t\t\t\t\t<img loading=\"lazy\" decoding=\"async\" width=\"550\" height=\"288\" src=\"https:\/\/lp-krby.sk\/wp-content\/uploads\/2024\/03\/spartherm.jpg\" class=\"elementor-animation-grow attachment-large size-large wp-image-1223\" alt=\"\" srcset=\"https:\/\/lp-krby.sk\/wp-content\/uploads\/2024\/03\/spartherm.jpg 550w, https:\/\/lp-krby.sk\/wp-content\/uploads\/2024\/03\/spartherm-300x157.jpg 300w\" sizes=\"(max-width: 550px) 100vw, 550px\" \/>\t\t\t\t\t\t\t\t<\/a>\n\t\t\t\t\t\t\t\t\t\t\t\t\t<\/div>\n\t\t\t\t<\/div>\n\t\t\t\t<\/div>\n\t\t\t\t\t<\/div>\n\t\t\t\t<\/div>\n\t\t<div class=\"elementor-element elementor-element-6f9b2d0 e-flex e-con-boxed e-con e-parent\" data-id=\"6f9b2d0\" data-element_type=\"container\" data-core-v316-plus=\"true\">\n\t\t\t\t\t<div class=\"e-con-inner\">\n\t\t<div class=\"elementor-element elementor-element-ca9ca62 e-con-full e-flex e-con e-child\" data-id=\"ca9ca62\" data-element_type=\"container\">\n\t\t\t\t<div class=\"elementor-element elementor-element-7ed17bb elementor-widget elementor-widget-image\" data-id=\"7ed17bb\" data-element_type=\"widget\" data-widget_type=\"image.default\">\n\t\t\t\t<div class=\"elementor-widget-container\">\n\t\t\t\t\t\t\t\t\t\t\t\t\t\t<a href=\"https:\/\/www.inspire.sk\/\">\n\t\t\t\t\t\t\t<img loading=\"lazy\" decoding=\"async\" width=\"550\" height=\"288\" src=\"https:\/\/lp-krby.sk\/wp-content\/uploads\/2024\/03\/inspire.jpg\" class=\"elementor-animation-grow attachment-large size-large wp-image-1168\" alt=\"\" srcset=\"https:\/\/lp-krby.sk\/wp-content\/uploads\/2024\/03\/inspire.jpg 550w, https:\/\/lp-krby.sk\/wp-content\/uploads\/2024\/03\/inspire-300x157.jpg 300w\" sizes=\"(max-width: 550px) 100vw, 550px\" \/>\t\t\t\t\t\t\t\t<\/a>\n\t\t\t\t\t\t\t\t\t\t\t\t\t<\/div>\n\t\t\t\t<\/div>\n\t\t\t\t<\/div>\n\t\t<div class=\"elementor-element elementor-element-f63c308 e-con-full e-flex e-con e-child\" data-id=\"f63c308\" data-element_type=\"container\">\n\t\t\t\t<div class=\"elementor-element elementor-element-b259827 elementor-widget elementor-widget-image\" data-id=\"b259827\" data-element_type=\"widget\" data-widget_type=\"image.default\">\n\t\t\t\t<div class=\"elementor-widget-container\">\n\t\t\t\t\t\t\t\t\t\t\t\t\t\t<a href=\"https:\/\/www.kobok.sk\/\">\n\t\t\t\t\t\t\t<img loading=\"lazy\" decoding=\"async\" width=\"550\" height=\"288\" src=\"https:\/\/lp-krby.sk\/wp-content\/uploads\/2024\/03\/kobok.jpg\" class=\"elementor-animation-grow attachment-large size-large wp-image-1171\" alt=\"\" srcset=\"https:\/\/lp-krby.sk\/wp-content\/uploads\/2024\/03\/kobok.jpg 550w, https:\/\/lp-krby.sk\/wp-content\/uploads\/2024\/03\/kobok-300x157.jpg 300w\" sizes=\"(max-width: 550px) 100vw, 550px\" \/>\t\t\t\t\t\t\t\t<\/a>\n\t\t\t\t\t\t\t\t\t\t\t\t\t<\/div>\n\t\t\t\t<\/div>\n\t\t\t\t<\/div>\n\t\t\t\t\t<\/div>\n\t\t\t\t<\/div>\n\t\t<div class=\"elementor-element elementor-element-66ed645 e-flex e-con-boxed e-con e-parent\" data-id=\"66ed645\" data-element_type=\"container\" data-core-v316-plus=\"true\">\n\t\t\t\t\t<div class=\"e-con-inner\">\n\t\t<div class=\"elementor-element elementor-element-47323bb e-con-full e-flex e-con e-child\" data-id=\"47323bb\" data-element_type=\"container\">\n\t\t\t\t<div class=\"elementor-element elementor-element-58539ef elementor-widget elementor-widget-image\" data-id=\"58539ef\" data-element_type=\"widget\" data-widget_type=\"image.default\">\n\t\t\t\t<div class=\"elementor-widget-container\">\n\t\t\t\t\t\t\t\t\t\t\t\t\t\t<a href=\"https:\/\/www.brunner.sk\/\">\n\t\t\t\t\t\t\t<img loading=\"lazy\" decoding=\"async\" width=\"550\" height=\"288\" src=\"https:\/\/lp-krby.sk\/wp-content\/uploads\/2024\/03\/brunner.jpg\" class=\"elementor-animation-grow attachment-large size-large wp-image-1155\" alt=\"\" srcset=\"https:\/\/lp-krby.sk\/wp-content\/uploads\/2024\/03\/brunner.jpg 550w, https:\/\/lp-krby.sk\/wp-content\/uploads\/2024\/03\/brunner-300x157.jpg 300w\" sizes=\"(max-width: 550px) 100vw, 550px\" \/>\t\t\t\t\t\t\t\t<\/a>\n\t\t\t\t\t\t\t\t\t\t\t\t\t<\/div>\n\t\t\t\t<\/div>\n\t\t\t\t<\/div>\n\t\t<div class=\"elementor-element elementor-element-42ea00b e-con-full e-flex e-con e-child\" data-id=\"42ea00b\" data-element_type=\"container\">\n\t\t\t\t<div class=\"elementor-element elementor-element-c30aa9b elementor-widget elementor-widget-image\" data-id=\"c30aa9b\" data-element_type=\"widget\" data-widget_type=\"image.default\">\n\t\t\t\t<div class=\"elementor-widget-container\">\n\t\t\t\t\t\t\t\t\t\t\t\t\t\t<a href=\"https:\/\/kalfire.com\/\">\n\t\t\t\t\t\t\t<img loading=\"lazy\" decoding=\"async\" width=\"550\" height=\"288\" src=\"https:\/\/lp-krby.sk\/wp-content\/uploads\/2024\/03\/kalfire.jpg\" class=\"elementor-animation-grow attachment-large size-large wp-image-1170\" alt=\"\" srcset=\"https:\/\/lp-krby.sk\/wp-content\/uploads\/2024\/03\/kalfire.jpg 550w, https:\/\/lp-krby.sk\/wp-content\/uploads\/2024\/03\/kalfire-300x157.jpg 300w\" sizes=\"(max-width: 550px) 100vw, 550px\" \/>\t\t\t\t\t\t\t\t<\/a>\n\t\t\t\t\t\t\t\t\t\t\t\t\t<\/div>\n\t\t\t\t<\/div>\n\t\t\t\t<\/div>\n\t\t\t\t\t<\/div>\n\t\t\t\t<\/div>\n\t\t<div class=\"elementor-element elementor-element-6f795c7 e-flex e-con-boxed e-con e-parent\" data-id=\"6f795c7\" data-element_type=\"container\" data-core-v316-plus=\"true\">\n\t\t\t\t\t<div class=\"e-con-inner\">\n\t\t<div class=\"elementor-element elementor-element-c314ac7 e-con-full e-flex e-con e-child\" data-id=\"c314ac7\" data-element_type=\"container\">\n\t\t\t\t<div class=\"elementor-element elementor-element-4af861c elementor-widget elementor-widget-image\" data-id=\"4af861c\" data-element_type=\"widget\" data-widget_type=\"image.default\">\n\t\t\t\t<div class=\"elementor-widget-container\">\n\t\t\t\t\t\t\t\t\t\t\t\t\t\t<a href=\"https:\/\/jeremias.sk\/\">\n\t\t\t\t\t\t\t<img loading=\"lazy\" decoding=\"async\" width=\"550\" height=\"288\" src=\"https:\/\/lp-krby.sk\/wp-content\/uploads\/2024\/03\/jeremias.jpg\" class=\"elementor-animation-grow attachment-large size-large wp-image-1169\" alt=\"\" srcset=\"https:\/\/lp-krby.sk\/wp-content\/uploads\/2024\/03\/jeremias.jpg 550w, https:\/\/lp-krby.sk\/wp-content\/uploads\/2024\/03\/jeremias-300x157.jpg 300w\" sizes=\"(max-width: 550px) 100vw, 550px\" \/>\t\t\t\t\t\t\t\t<\/a>\n\t\t\t\t\t\t\t\t\t\t\t\t\t<\/div>\n\t\t\t\t<\/div>\n\t\t\t\t<\/div>\n\t\t<div class=\"elementor-element elementor-element-3b26c76 e-con-full e-flex e-con e-child\" data-id=\"3b26c76\" data-element_type=\"container\">\n\t\t\t\t<div class=\"elementor-element elementor-element-fa619d1 elementor-widget elementor-widget-image\" data-id=\"fa619d1\" data-element_type=\"widget\" data-widget_type=\"image.default\">\n\t\t\t\t<div class=\"elementor-widget-container\">\n\t\t\t\t\t\t\t\t\t\t\t\t\t\t<a href=\"https:\/\/www.hein.cz\/\">\n\t\t\t\t\t\t\t<img loading=\"lazy\" decoding=\"async\" width=\"550\" height=\"288\" src=\"https:\/\/lp-krby.sk\/wp-content\/uploads\/2024\/03\/hein.jpg\" class=\"elementor-animation-grow attachment-large size-large wp-image-1163\" alt=\"\" srcset=\"https:\/\/lp-krby.sk\/wp-content\/uploads\/2024\/03\/hein.jpg 550w, https:\/\/lp-krby.sk\/wp-content\/uploads\/2024\/03\/hein-300x157.jpg 300w\" sizes=\"(max-width: 550px) 100vw, 550px\" \/>\t\t\t\t\t\t\t\t<\/a>\n\t\t\t\t\t\t\t\t\t\t\t\t\t<\/div>\n\t\t\t\t<\/div>\n\t\t\t\t<\/div>\n\t\t\t\t\t<\/div>\n\t\t\t\t<\/div>\n\t\t<div class=\"elementor-element elementor-element-c7fcc62 e-flex e-con-boxed e-con e-parent\" data-id=\"c7fcc62\" data-element_type=\"container\" data-core-v316-plus=\"true\">\n\t\t\t\t\t<div class=\"e-con-inner\">\n\t\t<div class=\"elementor-element elementor-element-d75f487 e-con-full e-flex e-con e-child\" data-id=\"d75f487\" data-element_type=\"container\">\n\t\t\t\t<div class=\"elementor-element elementor-element-8ac56b3 elementor-widget elementor-widget-image\" data-id=\"8ac56b3\" data-element_type=\"widget\" data-widget_type=\"image.default\">\n\t\t\t\t<div class=\"elementor-widget-container\">\n\t\t\t\t\t\t\t\t\t\t\t\t\t\t<a href=\"https:\/\/www.romotop.sk\/\">\n\t\t\t\t\t\t\t<img loading=\"lazy\" decoding=\"async\" width=\"550\" height=\"288\" src=\"https:\/\/lp-krby.sk\/wp-content\/uploads\/2024\/03\/romotop.jpg\" class=\"elementor-animation-grow attachment-large size-large wp-image-1221\" alt=\"\" srcset=\"https:\/\/lp-krby.sk\/wp-content\/uploads\/2024\/03\/romotop.jpg 550w, https:\/\/lp-krby.sk\/wp-content\/uploads\/2024\/03\/romotop-300x157.jpg 300w\" sizes=\"(max-width: 550px) 100vw, 550px\" \/>\t\t\t\t\t\t\t\t<\/a>\n\t\t\t\t\t\t\t\t\t\t\t\t\t<\/div>\n\t\t\t\t<\/div>\n\t\t\t\t<\/div>\n\t\t\t\t\t<\/div>\n\t\t\t\t<\/div>\n\t\t\t\t<\/div>\n\t\t","protected":false},"excerpt":{"rendered":"<p>Spolo\u010dnos\u0165 L&#038;P KRBY s.r.o. p\u00f4sob\u00ed na Slovensku od roku 2005. Od svojho vzniku sa zaober\u00e1me stavbou akumula\u010dn\u00fdch, teplovzdu\u0161n\u00fdch a teplovodn\u00fdch krbov, \u010falej stavbou kachlov\u00fdch pec\u00ed, spor\u00e1kov a v neposlednom rade kom\u00ednov\u00fdch syst\u00e9mov. V na\u0161ej ponuke tie\u017e n\u00e1jdete diela uzatvoren\u00fdch plynov\u00fdch krbov so skuto\u010dn\u00fdmi iskrami. Spolupracujeme s renomovan\u00fdmi v\u00fdrobcami krbov\u00fdch vlo\u017eiek a kom\u00ednov na eur\u00f3pskom trhu.\u00a0&hellip;&nbsp;<a href=\"https:\/\/lp-krby.sk\/index.php\/o-nas\/\" class=\"\" rel=\"bookmark\">\u010c\u00edta\u0165 viac &raquo;<span class=\"screen-reader-text\">O n\u00e1s<\/span><\/a><\/p>\n","protected":false},"author":2,"featured_media":0,"parent":0,"menu_order":0,"comment_status":"closed","ping_status":"closed","template":"page-templates\/template-pagebuilder-full-width.php","meta":{"neve_meta_sidebar":"","neve_meta_container":"","neve_meta_enable_content_width":"","neve_meta_content_width":0,"neve_meta_title_alignment":"","neve_meta_author_avatar":"","neve_post_elements_order":"","neve_meta_disable_header":"","neve_meta_disable_footer":"","neve_meta_disable_title":"","footnotes":""},"class_list":["post-1390","page","type-page","status-publish","hentry"],"_links":{"self":[{"href":"https:\/\/lp-krby.sk\/index.php\/wp-json\/wp\/v2\/pages\/1390","targetHints":{"allow":["GET"]}}],"collection":[{"href":"https:\/\/lp-krby.sk\/index.php\/wp-json\/wp\/v2\/pages"}],"about":[{"href":"https:\/\/lp-krby.sk\/index.php\/wp-json\/wp\/v2\/types\/page"}],"author":[{"embeddable":true,"href":"https:\/\/lp-krby.sk\/index.php\/wp-json\/wp\/v2\/users\/2"}],"replies":[{"embeddable":true,"href":"https:\/\/lp-krby.sk\/index.php\/wp-json\/wp\/v2\/comments?post=1390"}],"version-history":[{"count":37,"href":"https:\/\/lp-krby.sk\/index.php\/wp-json\/wp\/v2\/pages\/1390\/revisions"}],"predecessor-version":[{"id":1470,"href":"https:\/\/lp-krby.sk\/index.php\/wp-json\/wp\/v2\/pages\/1390\/revisions\/1470"}],"wp:attachment":[{"href":"https:\/\/lp-krby.sk\/index.php\/wp-json\/wp\/v2\/media?parent=1390"}],"curies":[{"name":"wp","href":"https:\/\/api.w.org\/{rel}","templated":true}]}}